{"id":6456,"date":"2022-01-18T17:43:58","date_gmt":"2022-01-18T16:43:58","guid":{"rendered":"https:\/\/www.pariscanal.com\/?page_id=6456"},"modified":"2022-01-18T17:50:56","modified_gmt":"2022-01-18T16:50:56","slug":"paris-canal-news","status":"publish","type":"page","link":"https:\/\/www.pariscanal.com\/en\/paris-canal-news\/","title":{"rendered":"Paris Canal News"},"content":{"rendered":"<div class=\"wpb-content-wrapper\"><p>[vc_row css_animation=&#8221;&#8221; row_type=&#8221;row&#8221; use_row_as_full_screen_section=&#8221;no&#8221; type=&#8221;full_width&#8221; angled_section=&#8221;no&#8221; text_align=&#8221;left&#8221; background_image_as_pattern=&#8221;without_pattern&#8221; css=&#8221;.vc_custom_1517236547685{background-color: #ffffff !important;}&#8221; z_index=&#8221;&#8221;][vc_column][vc_empty_space height=&#8221;30px&#8221;][vc_single_image image=&#8221;4581&#8243; img_size=&#8221;970&#215;250&#8243; alignment=&#8221;center&#8221; qode_css_animation=&#8221;&#8221;][vc_empty_space height=&#8221;60px&#8221;][\/vc_column][\/vc_row][vc_row css_animation=&#8221;&#8221; row_type=&#8221;row&#8221; use_row_as_full_screen_section=&#8221;no&#8221; type=&#8221;grid&#8221; angled_section=&#8221;no&#8221; text_align=&#8221;left&#8221; background_image_as_pattern=&#8221;without_pattern&#8221; css=&#8221;.vc_custom_1517236269871{background-color: #ffffff !important;}&#8221; z_index=&#8221;&#8221;][vc_column][vc_column_text]<\/p>\n<h1 style=\"text-align: center;\">Carnet de navigation &#8211; Blog &#8211; News &#8211; \u00a0Presse<\/h1>\n<p>[\/vc_column_text][vc_empty_space height=&#8221;60px&#8221;]<div class='q_masonry_blog'><div class=\"q_masonry_blog_grid_sizer\"><\/div><div class=\"q_masonry_blog_grid_gutter\"><\/div><article  class='post-6462 post type-post status-publish format-standard has-post-thumbnail hentry category-news-en '><div class=\"q_masonry_blog_post_image\"><a itemprop=\"url\" href=\"https:\/\/www.pariscanal.com\/en\/what-to-do-before-or-after-your-cruise-on-the-canal-st-martin-in-the-parc-de-la-villette\/\" target=\"_self\"><img decoding=\"async\" itemprop=\"image\" src=\"https:\/\/www.pariscanal.com\/wp-content\/uploads\/2021\/03\/Parc-de-la-Villette-Cit\u00e9-des-Sciences-la-G\u00e9ode.png\" \/><\/a><\/div><div class=\"q_masonry_blog_post_text\"><h2 itemprop=\"name\" class=\"q_masonry_blog_title entry_title\"><a itemprop=\"url\" href=\"https:\/\/www.pariscanal.com\/en\/what-to-do-before-or-after-your-cruise-on-the-canal-st-martin-in-the-parc-de-la-villette\/\">What to do before or after your cruise on the Canal St-Martin in the Parc de la Villette ?<\/a><\/h2><p itemprop=\"description\" class=\"q_masonry_blog_excerpt\">Si vous effectuez votre croisi\u00e8re au d\u00e9part du Port de Solf\u00e9rino, vous terminerez donc votre balade au coeur du Parc de la Villette. Ce parc situ\u00e9 dans le XIX\u00e8me arrondissement s\u2019\u00e9tend sur 55 hectares, et est le plus grand espace vert de Paris. En effet, pr\u00e8s de 30 hectares de verdure dont 13 jardins \u00e0 th\u00e8me vous y attendent....<\/p><div class=\"q_masonry_blog_post_info\"><span itemprop=\"dateCreated\" class=\"time entry_date updated\">18 January, 2022<meta itemprop=\"interactionCount\" content=\"UserComments: <?php echo get_comments_number(qode_get_page_id()); ?>\"\/><\/span><\/div><\/div><\/article><\/div>[\/vc_column][\/vc_row]<\/p>\n<\/div>","protected":false},"excerpt":{"rendered":"<p>[vc_row css_animation=&#8221;&#8221; row_type=&#8221;row&#8221; use_row_as_full_screen_section=&#8221;no&#8221; type=&#8221;full_width&#8221; angled_section=&#8221;no&#8221; text_align=&#8221;left&#8221; background_image_as_pattern=&#8221;without_pattern&#8221; css=&#8221;.vc_custom_1517236547685{background-color: #ffffff !important;}&#8221; z_index=&#8221;&#8221;][vc_column][vc_empty_space height=&#8221;30px&#8221;][vc_single_image image=&#8221;4581&#8243; img_size=&#8221;970&#215;250&#8243; alignment=&#8221;center&#8221; qode_css_animation=&#8221;&#8221;][vc_empty_space height=&#8221;60px&#8221;][\/vc_column][\/vc_row][vc_row css_animation=&#8221;&#8221; row_type=&#8221;row&#8221;&#8230;<\/p>\n","protected":false},"author":1,"featured_media":0,"parent":0,"menu_order":0,"comment_status":"closed","ping_status":"closed","template":"","meta":{"footnotes":""},"class_list":["post-6456","page","type-page","status-publish","hentry"],"_links":{"self":[{"href":"https:\/\/www.pariscanal.com\/en\/wp-json\/wp\/v2\/pages\/6456","targetHints":{"allow":["GET"]}}],"collection":[{"href":"https:\/\/www.pariscanal.com\/en\/wp-json\/wp\/v2\/pages"}],"about":[{"href":"https:\/\/www.pariscanal.com\/en\/wp-json\/wp\/v2\/types\/page"}],"author":[{"embeddable":true,"href":"https:\/\/www.pariscanal.com\/en\/wp-json\/wp\/v2\/users\/1"}],"replies":[{"embeddable":true,"href":"https:\/\/www.pariscanal.com\/en\/wp-json\/wp\/v2\/comments?post=6456"}],"version-history":[{"count":3,"href":"https:\/\/www.pariscanal.com\/en\/wp-json\/wp\/v2\/pages\/6456\/revisions"}],"predecessor-version":[{"id":6476,"href":"https:\/\/www.pariscanal.com\/en\/wp-json\/wp\/v2\/pages\/6456\/revisions\/6476"}],"wp:attachment":[{"href":"https:\/\/www.pariscanal.com\/en\/wp-json\/wp\/v2\/media?parent=6456"}],"curies":[{"name":"wp","href":"https:\/\/api.w.org\/{rel}","templated":true}]}}