{"id":5957,"date":"2022-03-09T14:32:46","date_gmt":"2022-03-09T13:32:46","guid":{"rendered":"https:\/\/www.pariscanal.com\/?page_id=5957"},"modified":"2022-03-09T14:32:46","modified_gmt":"2022-03-09T13:32:46","slug":"lunch-cruise-at-chez-gegene-guinguette-2","status":"publish","type":"page","link":"https:\/\/www.pariscanal.com\/en\/cruises-marne\/lunch-cruise-at-chez-gegene-guinguette-2\/","title":{"rendered":"Lunch cruise at Chez G\u00e9g\u00e8ne Guinguette"},"content":{"rendered":"<div class=\"wpb-content-wrapper\"><p>[vc_row css_animation=&#8221;&#8221; row_type=&#8221;row&#8221; use_row_as_full_screen_section=&#8221;no&#8221; type=&#8221;full_width&#8221; angled_section=&#8221;no&#8221; text_align=&#8221;left&#8221; background_image_as_pattern=&#8221;without_pattern&#8221; css=&#8221;.vc_custom_1517236547685{background-color: #ffffff !important;}&#8221; z_index=&#8221;&#8221;][vc_column][vc_empty_space height=&#8221;60px&#8221;][\/vc_column][\/vc_row][vc_row css_animation=&#8221;&#8221; row_type=&#8221;row&#8221; use_row_as_full_screen_section=&#8221;no&#8221; type=&#8221;grid&#8221; angled_section=&#8221;no&#8221; text_align=&#8221;left&#8221; background_image_as_pattern=&#8221;without_pattern&#8221; css=&#8221;.vc_custom_1517236269871{background-color: #ffffff !important;}&#8221; z_index=&#8221;&#8221;][vc_column width=&#8221;1\/6&#8243;][vc_single_image image=&#8221;1514&#8243; img_size=&#8221;full&#8221; alignment=&#8221;center&#8221; qode_css_animation=&#8221;&#8221;][\/vc_column][vc_column width=&#8221;5\/6&#8243;][vc_column_text]<\/p>\n<h1>Lunch cruise at the Guinguette chez G\u00e9g\u00e8ne<\/h1>\n<h2><strong>Day cruise with lunch in the most famous of Guinguettes<\/strong><\/h2>\n<p>La Guinguette \u00abChez G\u00e9g\u00e8ne\u00bb is a real institution. Known throughout the world as the most famous of the Guinguette restaurants on the banks of the Marne, it is located in Joinville le Pont, for a season that starts mid-April and ends mid-December.<\/p>\n<p>Today, Chez G\u00e9g\u00e8ne is an unmissable place, at the crossroads of tradition and a renewed modernity. Every weekend, we dance to the sound of the Musette music, but also on wild tunes and more modern rhythms.<\/p>\n<p>&nbsp;<\/p>\n<div>\n<div><span lang=\"EN-US\">On the Seine, you will discover the monuments of the centre and east of Paris: The Louvre and Notre-Dame pass before your eyes.\u00a0<\/span><span style=\"font-size: 0.9rem;\">At the confluence of the Seine and the Marne, you witness the operation of a first lock, the Saint Maurice lock.\u00a0<\/span><span style=\"font-size: 0.9rem;\">Quickly, you branch off to enter the Canal de Saint Maur and its 590-metre Tunnel. You find the Marne a loop further, sail along some of its bucolic villages, the boat crosses the islands that house guinguettes and charming hotels.<\/span><\/div>\n<div><\/div>\n<\/div>\n<div><span lang=\"EN-US\">You arrive at Joinville-le-Pont, the boat moors in front of the famous Guinguette.<\/span><\/div>\n<div><span lang=\"EN-US\">A special menu awaits you for a casual and festive lunch.<\/span><\/div>\n<p>After a moment dedicated to Idleness or dance, it\u2019s time to get back on the road and enjoy the beauty of the landscape that passes before your eyes again.<\/p>\n<p>&nbsp;<\/p>\n<p>You will remember this moment spent out of time for a long time![\/vc_column_text][vc_empty_space height=&#8221;60px&#8221;][vc_row_inner row_type=&#8221;row&#8221; type=&#8221;full_width&#8221; text_align=&#8221;left&#8221; css_animation=&#8221;&#8221;][vc_column_inner width=&#8221;1\/2&#8243;][vc_column_text]<\/p>\n<div><b>What you will see on a cruise \u00abchez G\u00e9g\u00e8ne\u00bb<\/b><\/div>\n<ul class=\"list_check\">\n<li>Solf\u00e9rino marina, Orsay Museum<\/li>\n<li>Louvre Museum, Notre-Dame Cathedral<\/li>\n<li>Saint Maurice lock<\/li>\n<li>Saint Maur tunnel<\/li>\n<li>Joinville-le-Pont<\/li>\n<li>The Guinguette restaurant \u00ab\u00a0Chez G\u00e9g\u00e8ne\u00a0\u00bb<\/li>\n<\/ul>\n<p>[\/vc_column_text][vc_column_text css=&#8221;.vc_custom_1622827972115{margin-top: 30px !important;}&#8221;]<strong>Cruise available for groups<\/strong><br \/>\nFrom 40 persons[\/vc_column_text][vc_empty_space height=&#8221;40px&#8221;][vc_column_text]<a class=\"bouton_devis\" href=\"https:\/\/www.pariscanal.com\/croisieres-devis-groupes\/\">ASK FOR A QUOTE<\/a>[\/vc_column_text][vc_empty_space height=&#8221;40px&#8221;][\/vc_column_inner][vc_column_inner width=&#8221;1\/2&#8243;][vc_single_image image=&#8221;2295&#8243; img_size=&#8221;full&#8221; alignment=&#8221;right&#8221; qode_css_animation=&#8221;&#8221;][\/vc_column_inner][\/vc_row_inner][\/vc_column][\/vc_row][vc_row css_animation=&#8221;&#8221; row_type=&#8221;row&#8221; use_row_as_full_screen_section=&#8221;no&#8221; type=&#8221;full_width&#8221; angled_section=&#8221;no&#8221; text_align=&#8221;left&#8221; background_image_as_pattern=&#8221;without_pattern&#8221; css=&#8221;.vc_custom_1517240500033{background-color: #ffffff !important;}&#8221; z_index=&#8221;&#8221;][vc_column][vc_empty_space height=&#8221;50px&#8221;][\/vc_column][\/vc_row][vc_row css_animation=&#8221;&#8221; row_type=&#8221;row&#8221; use_row_as_full_screen_section=&#8221;no&#8221; type=&#8221;full_width&#8221; angled_section=&#8221;no&#8221; text_align=&#8221;left&#8221; background_image_as_pattern=&#8221;without_pattern&#8221; css=&#8221;.vc_custom_1517240610205{background-color: #ffffff !important;}&#8221; z_index=&#8221;&#8221; el_class=&#8221;no_padding&#8221;][vc_column width=&#8221;1\/3&#8243;][vc_single_image image=&#8221;3350&#8243; img_size=&#8221;full&#8221; alignment=&#8221;center&#8221; qode_css_animation=&#8221;&#8221;][\/vc_column][vc_column width=&#8221;1\/3&#8243;][vc_single_image image=&#8221;2264&#8243; img_size=&#8221;full&#8221; alignment=&#8221;center&#8221; qode_css_animation=&#8221;&#8221;][\/vc_column][vc_column width=&#8221;1\/3&#8243;][vc_single_image image=&#8221;3351&#8243; img_size=&#8221;full&#8221; alignment=&#8221;center&#8221; qode_css_animation=&#8221;&#8221;][\/vc_column][\/vc_row][vc_row css_animation=&#8221;&#8221; row_type=&#8221;row&#8221; use_row_as_full_screen_section=&#8221;no&#8221; type=&#8221;full_width&#8221; angled_section=&#8221;no&#8221; text_align=&#8221;left&#8221; background_image_as_pattern=&#8221;without_pattern&#8221; css=&#8221;.vc_custom_1517240500033{background-color: #ffffff !important;}&#8221; z_index=&#8221;&#8221;][vc_column][vc_empty_space height=&#8221;80px&#8221;][\/vc_column][\/vc_row][vc_row css_animation=&#8221;&#8221; row_type=&#8221;row&#8221; use_row_as_full_screen_section=&#8221;no&#8221; type=&#8221;grid&#8221; angled_section=&#8221;no&#8221; text_align=&#8221;left&#8221; background_image_as_pattern=&#8221;without_pattern&#8221; css=&#8221;.vc_custom_1517241109188{background-color: #ffffff !important;}&#8221; z_index=&#8221;&#8221;][vc_column width=&#8221;1\/2&#8243;][vc_column_text]<\/p>\n<h3 class=\"sigle_euro\">Rates<\/h3>\n<p>From 72 euros per person[\/vc_column_text][vc_empty_space height=&#8221;10px&#8221;][vc_empty_space height=&#8221;50px&#8221;][vc_column_text]<\/p>\n<h3 class=\"sigle_information\">Practical Information<\/h3>\n<p>Duration of the cruise : 7h30<\/p>\n<p>Departure at 9:30 pm \u2013 Return around 5pm<\/p>\n<p>Departure : Solf\u00e9rino Marina (Orsay Museum)<\/p>\n<p>Arrival : Solf\u00e9rino Marina (Orsay Museum)<\/p>\n<p><span id=\"s2_1\">Meet at 08h45 at the bottom of 23 quai Anatole France, below the Mus\u00e9e d&#8217;Orsay, PARIS 7\u00b0.<\/span><br \/>\n<span id=\"s2_2\">Metro 12: Solferino or RER C: Mus\u00e9e d&#8217;Orsay.<\/span>[\/vc_column_text][vc_empty_space height=&#8221;30px&#8221;][vc_column_text]<iframe loading=\"lazy\" style=\"border: 0;\" src=\"https:\/\/www.google.com\/maps\/embed?pb=!1m18!1m12!1m3!1d2624.8242584049267!2d2.321990815866258!3d48.86156150843714!2m3!1f0!2f0!3f0!3m2!1i1024!2i768!4f13.1!3m3!1m2!1s0x47e66e2b62279441%3A0xf5f3edd0ee263941!2sPort+de+Solf%C3%A9rino!5e0!3m2!1sfr!2sfr!4v1517480531187\" width=\"100%\" height=\"300\" frameborder=\"0\" allowfullscreen=\"allowfullscreen\" data-mce-fragment=\"1\"><\/iframe>[\/vc_column_text][vc_empty_space height=&#8221;20px&#8221;][\/vc_column][vc_column width=&#8221;1\/2&#8243;][vc_column_text]<\/p>\n<h3 class=\"sigle_boussole\">Cruise available for groups<\/h3>\n<p>From 40 persons[\/vc_column_text][vc_column_text css=&#8221;.vc_custom_1622828074321{margin-top: 30px !important;}&#8221;]<a class=\"bouton_devis\" href=\"https:\/\/www.pariscanal.com\/croisieres-devis-groupes\/\">ASK FOR A QUOTE<\/a>[\/vc_column_text][vc_empty_space height=&#8221;30px&#8221;][vc_column_text]Also discover <strong>our regular cruises<\/strong>, open to all, every day &#8230;[\/vc_column_text][vc_empty_space height=&#8221;90px&#8221;][vc_column_text]<\/p>\n<h3 class=\"sigle_privatisation\">Private Cruise<\/h3>\n<div>\n<p><span lang=\"EN-US\">You can organize the day trip by boat with lunch at Chez G\u00e9g\u00e8ne as part of a privatization. You will be master on board and can decorate the boat room, as well as the terrace, as you wish. Our business associates are experts in privatization. Contact us, we can fulfill your desires and organize a completely original private day cruise, which will leave your guests a wonderful memory.<\/span><\/p>\n<\/div>\n<p>[\/vc_column_text][vc_column_text css=&#8221;.vc_custom_1622828400079{margin-top: 30px !important;}&#8221;]<a class=\"bouton_devis\" href=\"https:\/\/www.pariscanal.com\/devis-location-peniche\/\">ASK FOR A QUOTE<\/a>[\/vc_column_text][\/vc_column][\/vc_row][vc_row css_animation=&#8221;&#8221; row_type=&#8221;row&#8221; use_row_as_full_screen_section=&#8221;no&#8221; type=&#8221;full_width&#8221; angled_section=&#8221;no&#8221; text_align=&#8221;left&#8221; background_image_as_pattern=&#8221;without_pattern&#8221; css=&#8221;.vc_custom_1517298168533{background-color: #ffffff !important;}&#8221; z_index=&#8221;&#8221;][vc_column][vc_empty_space height=&#8221;100px&#8221;][\/vc_column][\/vc_row][vc_row css_animation=&#8221;&#8221; row_type=&#8221;row&#8221; use_row_as_full_screen_section=&#8221;no&#8221; type=&#8221;grid&#8221; angled_section=&#8221;no&#8221; text_align=&#8221;left&#8221; background_image_as_pattern=&#8221;without_pattern&#8221; css=&#8221;.vc_custom_1517297703338{background-color: #ffffff !important;}&#8221; z_index=&#8221;&#8221;][vc_column width=&#8221;2\/3&#8243;][vc_column_text]<\/p>\n<h2>Chez G\u00e9g\u00e8ne, a place steeped in history<\/h2>\n<div>\n<p><span lang=\"EN-US\">Chez G\u00e9g\u00e8ne was taken over in 1918 by Eug\u00e8ne Favreux, dit le G\u00e9g\u00e8ne, who gave his new name to an establishment which until then was a barge pulled on the bank. The Guinguette offers classic distractions &#8211; petanque, swings\u2026 &#8211; but also more spectacular and exotic, such as the dromedary, which attracts many curious people.<\/span><\/p>\n<p><span lang=\"EN-US\">On the Marne, one canoes, one sometimes engages in epic jousts under the clamors of the crowd that walks by the water. The \u00abRoaring Twenties\u00bb are in full swing and so is the party.<\/span><\/p>\n<\/div>\n<p>[\/vc_column_text][\/vc_column][vc_column width=&#8221;1\/3&#8243;][vc_empty_space height=&#8221;5px&#8221;][vc_single_image image=&#8221;2265&#8243; img_size=&#8221;full&#8221; alignment=&#8221;center&#8221; qode_css_animation=&#8221;&#8221;][\/vc_column][\/vc_row][vc_row css_animation=&#8221;&#8221; row_type=&#8221;row&#8221; use_row_as_full_screen_section=&#8221;no&#8221; type=&#8221;full_width&#8221; angled_section=&#8221;no&#8221; text_align=&#8221;left&#8221; background_image_as_pattern=&#8221;without_pattern&#8221; css=&#8221;.vc_custom_1517298168533{background-color: #ffffff !important;}&#8221; z_index=&#8221;&#8221;][vc_column][vc_empty_space height=&#8221;100px&#8221;][\/vc_column][\/vc_row][vc_row css_animation=&#8221;&#8221; row_type=&#8221;row&#8221; use_row_as_full_screen_section=&#8221;no&#8221; type=&#8221;grid&#8221; angled_section=&#8221;no&#8221; text_align=&#8221;left&#8221; background_image_as_pattern=&#8221;without_pattern&#8221; css=&#8221;.vc_custom_1517297703338{background-color: #ffffff !important;}&#8221; z_index=&#8221;&#8221;][vc_column width=&#8221;1\/3&#8243;][vc_empty_space height=&#8221;5px&#8221;][vc_single_image image=&#8221;1965&#8243; img_size=&#8221;full&#8221; alignment=&#8221;center&#8221; qode_css_animation=&#8221;&#8221;][\/vc_column][vc_column width=&#8221;2\/3&#8243;][vc_column_text]<\/p>\n<h2><span lang=\"EN-US\">The temple of the Musette spirit \u2026<\/span><\/h2>\n<div>\n<p><span lang=\"EN-US\">In its modern sense, the <strong>ball musette<\/strong> is a popular ball, often country, where one usually dances to the sound of the accordion on different musical genres : the java which is a specific dance born from the musette perhaps the only dance of two that was really born in France. <\/span><\/p>\n<p><span lang=\"EN-US\">But more generally, the Musette spirit is today an attitude, relaxed, festive and without fuss, a way to spend the day or a weekend, by the water in serenity. With the lunch cruise at Chez G\u00e9g\u00e8ne, you are at the heart of this spirit!<\/span><\/p>\n<\/div>\n<p>[\/vc_column_text][\/vc_column][\/vc_row][vc_row css_animation=&#8221;&#8221; row_type=&#8221;row&#8221; use_row_as_full_screen_section=&#8221;no&#8221; type=&#8221;full_width&#8221; angled_section=&#8221;no&#8221; text_align=&#8221;left&#8221; background_image_as_pattern=&#8221;without_pattern&#8221; css=&#8221;.vc_custom_1517298168533{background-color: #ffffff !important;}&#8221; z_index=&#8221;&#8221;][vc_column][vc_empty_space height=&#8221;100px&#8221;][\/vc_column][\/vc_row][vc_row css_animation=&#8221;&#8221; row_type=&#8221;row&#8221; use_row_as_full_screen_section=&#8221;yes&#8221; type=&#8221;full_width&#8221; angled_section=&#8221;no&#8221; text_align=&#8221;left&#8221; background_image_as_pattern=&#8221;without_pattern&#8221; z_index=&#8221;&#8221; css=&#8221;.vc_custom_1516123348257{background-color: #ffffff !important;}&#8221;][vc_column][vc_empty_space height=&#8221;60px&#8221;][vc_column_text]<\/p>\n<h1 id=\"reguliere\" style=\"text-align: center;\">Our regular cruises<\/h1>\n<p>[\/vc_column_text][vc_empty_space height=&#8221;30px&#8221;][vc_row_inner row_type=&#8221;row&#8221; type=&#8221;full_width&#8221; text_align=&#8221;left&#8221; css_animation=&#8221;&#8221;][vc_column_inner width=&#8221;1\/4&#8243;][vc_single_image image=&#8221;54&#8243; img_size=&#8221;full&#8221; alignment=&#8221;center&#8221; onclick=&#8221;custom_link&#8221; qode_css_animation=&#8221;&#8221; link=&#8221;https:\/\/www.pariscanal.com\/croisiere-canal-saint-martin\/seine-bastille-villette\/&#8221;][vc_empty_space height=&#8221;10px&#8221;][vc_column_text]<\/p>\n<h3 style=\"text-align: center;\">SIGHTSEEING CRUISES<\/h3>\n<p style=\"text-align: center;\">Everyday<\/p>\n<p>[\/vc_column_text][vc_column_text]<\/p>\n<p style=\"text-align: center;\"><a class=\"bouton_bleu_2\" style=\"text-align: center;\" href=\"https:\/\/www.pariscanal.com\/croisiere-canal-saint-martin\/seine-bastille-villette\/\">en savoir plus sur<br \/>\nles croisi\u00e8res<\/a><\/p>\n<p>[\/vc_column_text][\/vc_column_inner][vc_column_inner width=&#8221;1\/4&#8243;][vc_single_image image=&#8221;56&#8243; img_size=&#8221;full&#8221; alignment=&#8221;center&#8221; onclick=&#8221;custom_link&#8221; qode_css_animation=&#8221;&#8221; link=&#8221;https:\/\/www.pariscanal.com\/croisiere-canal-saint-martin\/diner-guinguette-paris\/&#8221;][vc_empty_space height=&#8221;10px&#8221;][vc_column_text]<\/p>\n<h3 style=\"text-align: center;\">GUINGUETTE DINNER CRUISE<\/h3>\n<p style=\"text-align: center;\">Every Friday<\/p>\n<p>[\/vc_column_text][vc_column_text]<\/p>\n<p style=\"text-align: center;\"><a class=\"bouton_bleu_2\" style=\"text-align: center;\" href=\"https:\/\/www.pariscanal.com\/croisiere-canal-saint-martin\/diner-guinguette-paris\/\">en savoir plus<br \/>\nsur le diner<\/a><\/p>\n<p>[\/vc_column_text][\/vc_column_inner][vc_column_inner width=&#8221;1\/4&#8243;][vc_single_image image=&#8221;53&#8243; img_size=&#8221;full&#8221; alignment=&#8221;center&#8221; onclick=&#8221;custom_link&#8221; qode_css_animation=&#8221;&#8221; link=&#8221;https:\/\/www.pariscanal.com\/croisiere-canal-saint-martin\/soiree-afterwork-peniche\/&#8221;][vc_empty_space height=&#8221;10px&#8221;][vc_column_text]<\/p>\n<h3 style=\"text-align: center;\">PRIVATE CRUISE<\/h3>\n<p style=\"text-align: center;\">Whenever you want<\/p>\n<p>[\/vc_column_text][vc_column_text]<\/p>\n<p style=\"text-align: center;\"><a class=\"bouton_bleu_2\" style=\"text-align: center;\" href=\"https:\/\/www.pariscanal.com\/privatiser-peniche-paris\/\">en savoir plus<br \/>\nsur votre privatisation<\/a><\/p>\n<p>[\/vc_column_text][\/vc_column_inner][vc_column_inner width=&#8221;1\/4&#8243;][vc_single_image image=&#8221;55&#8243; img_size=&#8221;full&#8221; alignment=&#8221;center&#8221; onclick=&#8221;custom_link&#8221; qode_css_animation=&#8221;&#8221; link=&#8221;https:\/\/www.pariscanal.com\/croisiere-seine-marne\/dejeuner-bateau-marne\/&#8221;][vc_empty_space height=&#8221;10px&#8221;][vc_column_text]<\/p>\n<h3 style=\"text-align: center;\">MARNE LUNCH CRUISE<\/h3>\n<p style=\"text-align: center;\">On Sunday<\/p>\n<p>[\/vc_column_text][vc_column_text]<\/p>\n<p style=\"text-align: center;\"><a class=\"bouton_bleu_2\" style=\"text-align: center;\" href=\"https:\/\/www.pariscanal.com\/croisiere-seine-marne\/dejeuner-bateau-marne\/\">en savoir plus<br \/>\nsur le d\u00e9jeuner<\/a><\/p>\n<p>[\/vc_column_text][\/vc_column_inner][\/vc_row_inner][vc_empty_space height=&#8221;100px&#8221;][\/vc_column][\/vc_row]<\/p>\n<\/div>","protected":false},"excerpt":{"rendered":"<p>[vc_row css_animation=&#8221;&#8221; row_type=&#8221;row&#8221; use_row_as_full_screen_section=&#8221;no&#8221; type=&#8221;full_width&#8221; angled_section=&#8221;no&#8221; text_align=&#8221;left&#8221; background_image_as_pattern=&#8221;without_pattern&#8221; css=&#8221;.vc_custom_1517236547685{background-color: #ffffff !important;}&#8221; z_index=&#8221;&#8221;][vc_column][vc_empty_space height=&#8221;60px&#8221;][\/vc_column][\/vc_row][vc_row css_animation=&#8221;&#8221; row_type=&#8221;row&#8221; use_row_as_full_screen_section=&#8221;no&#8221; type=&#8221;grid&#8221; angled_section=&#8221;no&#8221; text_align=&#8221;left&#8221; background_image_as_pattern=&#8221;without_pattern&#8221;&#8230;<\/p>\n","protected":false},"author":4,"featured_media":0,"parent":5241,"menu_order":0,"comment_status":"closed","ping_status":"closed","template":"","meta":{"footnotes":""},"class_list":["post-5957","page","type-page","status-publish","hentry"],"_links":{"self":[{"href":"https:\/\/www.pariscanal.com\/en\/wp-json\/wp\/v2\/pages\/5957","targetHints":{"allow":["GET"]}}],"collection":[{"href":"https:\/\/www.pariscanal.com\/en\/wp-json\/wp\/v2\/pages"}],"about":[{"href":"https:\/\/www.pariscanal.com\/en\/wp-json\/wp\/v2\/types\/page"}],"author":[{"embeddable":true,"href":"https:\/\/www.pariscanal.com\/en\/wp-json\/wp\/v2\/users\/4"}],"replies":[{"embeddable":true,"href":"https:\/\/www.pariscanal.com\/en\/wp-json\/wp\/v2\/comments?post=5957"}],"version-history":[{"count":1,"href":"https:\/\/www.pariscanal.com\/en\/wp-json\/wp\/v2\/pages\/5957\/revisions"}],"predecessor-version":[{"id":6682,"href":"https:\/\/www.pariscanal.com\/en\/wp-json\/wp\/v2\/pages\/5957\/revisions\/6682"}],"up":[{"embeddable":true,"href":"https:\/\/www.pariscanal.com\/en\/wp-json\/wp\/v2\/pages\/5241"}],"wp:attachment":[{"href":"https:\/\/www.pariscanal.com\/en\/wp-json\/wp\/v2\/media?parent=5957"}],"curies":[{"name":"wp","href":"https:\/\/api.w.org\/{rel}","templated":true}]}}