{"id":5384,"date":"2021-07-27T11:42:05","date_gmt":"2021-07-27T09:42:05","guid":{"rendered":"https:\/\/www.pariscanal.com\/?page_id=5384"},"modified":"2021-07-27T11:42:05","modified_gmt":"2021-07-27T09:42:05","slug":"lunch-cruise-on-the-seine","status":"publish","type":"page","link":"https:\/\/www.pariscanal.com\/en\/cruises-seine\/lunch-cruise-on-the-seine\/","title":{"rendered":"Lunch cruise on the Seine"},"content":{"rendered":"<div class=\"wpb-content-wrapper\"><p>[vc_row css_animation=&#8221;&#8221; row_type=&#8221;row&#8221; use_row_as_full_screen_section=&#8221;no&#8221; type=&#8221;full_width&#8221; angled_section=&#8221;no&#8221; text_align=&#8221;left&#8221; background_image_as_pattern=&#8221;without_pattern&#8221; css=&#8221;.vc_custom_1517236547685{background-color: #ffffff !important;}&#8221; z_index=&#8221;&#8221;][vc_column][vc_empty_space height=&#8221;60px&#8221;][\/vc_column][\/vc_row][vc_row css_animation=&#8221;&#8221; row_type=&#8221;row&#8221; use_row_as_full_screen_section=&#8221;no&#8221; type=&#8221;grid&#8221; angled_section=&#8221;no&#8221; text_align=&#8221;left&#8221; background_image_as_pattern=&#8221;without_pattern&#8221; css=&#8221;.vc_custom_1517236269871{background-color: #ffffff !important;}&#8221; z_index=&#8221;&#8221;][vc_column width=&#8221;1\/6&#8243;][vc_single_image image=&#8221;501&#8243; img_size=&#8221;full&#8221; alignment=&#8221;center&#8221; qode_css_animation=&#8221;&#8221;][\/vc_column][vc_column width=&#8221;5\/6&#8243;][vc_column_text]<\/p>\n<h1>Lunch cruise on the Seine<\/h1>\n<h2>An exceptional lunch in the heart of Paris<\/h2>\n<div>\n<p><span lang=\"EN-US\">Whether you are between two business appointments or on a sightseeing tour, our crew awaits you with a welcome drink in the heart of Paris, at the Solferino Marina , below the Orsay Museum for a lunch cruise on the Seine.<\/span><\/p>\n<\/div>\n<p>During your lunch, the most beautiful monuments of Paris will parade before your eyes : the Tuileries Gardens, the Louvre Museum, the Cit\u00e9 Island, Notre-Dame Cathedral, the Saint-Louis Island, the City Hall of Paris and the Conciergerie.\u00a0The Eiffel Tower is still in its place, but you\u2019ve never seen it so majestic.<\/p>\n<div>\n<p><span lang=\"EN-US\">Our tables are laid out as close as possible to the water so as not to lose sight of the monuments of Paris. A attentive ma\u00eetre d\u2019h\u00f4tel offers you a refined and balanced lunch in the heart of Paris. <\/span><\/p>\n<p><span lang=\"EN-US\">French gastronomy is in the spotlight. Our products are carefully selected to offer you a quality menu and a gourmet menu. The service is coordinated by an attentive ma\u00eetre d\u2019h\u00f4tel at your disposal.<\/span><\/p>\n<\/div>\n<p>[\/vc_column_text][vc_empty_space height=&#8221;60px&#8221;][vc_row_inner row_type=&#8221;row&#8221; type=&#8221;full_width&#8221; text_align=&#8221;left&#8221; css_animation=&#8221;&#8221;][vc_column_inner width=&#8221;1\/2&#8243;][vc_column_text]<strong>The advantages of the Paris Canal Seine Lunch Cruise:<\/strong><\/p>\n<ul class=\"list_check\">\n<li><span lang=\"EN-US\">Magical view of Paris and its monuments<\/span><\/li>\n<li><span style=\"font-size: 0.9rem;\">Exceptional meal on the water<\/span><\/li>\n<li>Welcome Cocktail<\/li>\n<li>Covered area and outdoor terrace<\/li>\n<li>Stunning views of the Louvre Museum, Notre-Dame Cathedral<\/li>\n<li><span style=\"font-size: 0.9rem;\">And of course, the Eiffel Tower\u2026<\/span><\/li>\n<\/ul>\n<p>[\/vc_column_text][vc_column_text css=&#8221;.vc_custom_1622830417016{margin-top: 30px !important;}&#8221;]<strong>Cruise available for groups<\/strong><br \/>\nFrom 40 persons[\/vc_column_text][vc_empty_space height=&#8221;40px&#8221;][vc_column_text]<a class=\"bouton_devis\" href=\"https:\/\/www.pariscanal.com\/croisieres-devis-groupes\/\">ASK FOR A QUOTE<\/a>[\/vc_column_text][vc_empty_space height=&#8221;40px&#8221;][\/vc_column_inner][vc_column_inner width=&#8221;1\/2&#8243;][vc_single_image image=&#8221;2284&#8243; img_size=&#8221;full&#8221; alignment=&#8221;right&#8221; qode_css_animation=&#8221;&#8221;][\/vc_column_inner][\/vc_row_inner][\/vc_column][\/vc_row][vc_row css_animation=&#8221;&#8221; row_type=&#8221;row&#8221; use_row_as_full_screen_section=&#8221;no&#8221; type=&#8221;full_width&#8221; angled_section=&#8221;no&#8221; text_align=&#8221;left&#8221; background_image_as_pattern=&#8221;without_pattern&#8221; css=&#8221;.vc_custom_1517240500033{background-color: #ffffff !important;}&#8221; z_index=&#8221;&#8221;][vc_column][vc_empty_space height=&#8221;50px&#8221;][\/vc_column][\/vc_row][vc_row css_animation=&#8221;&#8221; row_type=&#8221;row&#8221; use_row_as_full_screen_section=&#8221;no&#8221; type=&#8221;full_width&#8221; angled_section=&#8221;no&#8221; text_align=&#8221;left&#8221; background_image_as_pattern=&#8221;without_pattern&#8221; css=&#8221;.vc_custom_1517240610205{background-color: #ffffff !important;}&#8221; z_index=&#8221;&#8221; el_class=&#8221;no_padding&#8221;][vc_column width=&#8221;1\/3&#8243;][vc_single_image image=&#8221;3353&#8243; img_size=&#8221;full&#8221; alignment=&#8221;center&#8221; qode_css_animation=&#8221;&#8221;][\/vc_column][vc_column width=&#8221;1\/3&#8243;][vc_single_image image=&#8221;3356&#8243; img_size=&#8221;full&#8221; alignment=&#8221;center&#8221; qode_css_animation=&#8221;&#8221;][\/vc_column][vc_column width=&#8221;1\/3&#8243;][vc_single_image image=&#8221;3355&#8243; img_size=&#8221;full&#8221; alignment=&#8221;center&#8221; qode_css_animation=&#8221;&#8221;][\/vc_column][\/vc_row][vc_row css_animation=&#8221;&#8221; row_type=&#8221;row&#8221; use_row_as_full_screen_section=&#8221;no&#8221; type=&#8221;full_width&#8221; angled_section=&#8221;no&#8221; text_align=&#8221;left&#8221; background_image_as_pattern=&#8221;without_pattern&#8221; css=&#8221;.vc_custom_1517240500033{background-color: #ffffff !important;}&#8221; z_index=&#8221;&#8221;][vc_column][vc_empty_space height=&#8221;80px&#8221;][\/vc_column][\/vc_row][vc_row css_animation=&#8221;&#8221; row_type=&#8221;row&#8221; use_row_as_full_screen_section=&#8221;no&#8221; type=&#8221;grid&#8221; angled_section=&#8221;no&#8221; text_align=&#8221;left&#8221; background_image_as_pattern=&#8221;without_pattern&#8221; css=&#8221;.vc_custom_1517241109188{background-color: #ffffff !important;}&#8221; z_index=&#8221;&#8221;][vc_column width=&#8221;1\/2&#8243;][vc_column_text]<\/p>\n<h3 class=\"sigle_euro\">Rates<\/h3>\n<p>From 60 euros per person<\/p>\n<p>&nbsp;<\/p>\n<p><a href=\"https:\/\/www.pariscanal.com\/wp-content\/uploads\/2021\/03\/Carte-Bar.pdf\"><span style=\"color: #0075c0;\">Download the drink list\u00a0<\/span><\/a>[\/vc_column_text][vc_empty_space height=&#8221;10px&#8221;][vc_empty_space height=&#8221;50px&#8221;][vc_column_text]<\/p>\n<h3 class=\"sigle_information\">Practical Information<\/h3>\n<p>Duration of the cruise\u00a0: 2 hours<br \/>\nDeparture : Solf\u00e9rino \u00a0Marina (Orsay Museum)<br \/>\nArriv\u00e9e\u00a0: Solf\u00e9rino Marina (Orsay Museum)[\/vc_column_text][vc_empty_space height=&#8221;30px&#8221;][vc_column_text]<iframe loading=\"lazy\" style=\"border: 0;\" src=\"https:\/\/www.google.com\/maps\/embed?pb=!1m18!1m12!1m3!1d2624.8242584049267!2d2.321990815866258!3d48.86156150843714!2m3!1f0!2f0!3f0!3m2!1i1024!2i768!4f13.1!3m3!1m2!1s0x47e66e2b62279441%3A0xf5f3edd0ee263941!2sPort+de+Solf%C3%A9rino!5e0!3m2!1sfr!2sfr!4v1517480531187\" width=\"100%\" height=\"300\" frameborder=\"0\" allowfullscreen=\"allowfullscreen\" data-mce-fragment=\"1\"><\/iframe>[\/vc_column_text][vc_empty_space height=&#8221;20px&#8221;][\/vc_column][vc_column width=&#8221;1\/2&#8243;][vc_column_text]<\/p>\n<h3 class=\"sigle_boussole\">Cruise available for group<\/h3>\n<p>From 40 persons[\/vc_column_text][vc_column_text css=&#8221;.vc_custom_1622830543808{margin-top: 30px !important;}&#8221;]<a class=\"bouton_devis\" href=\"https:\/\/www.pariscanal.com\/croisieres-devis-groupes\/\">ASK FOR A QUOTE<\/a>[\/vc_column_text][vc_empty_space height=&#8221;30px&#8221;][vc_column_text]Also discover our regular cruises every day[\/vc_column_text][vc_empty_space height=&#8221;90px&#8221;][vc_column_text]<\/p>\n<h3 class=\"sigle_privatisation\">Private cruise<\/h3>\n<div>\n<p><span lang=\"EN-US\">Why not privatize one of our boats on this itinerary to offer your guests an extraordinary lunch? <\/span><\/p>\n<p><span lang=\"EN-US\">Whether for a team meeting, a work seminar, a product launch or a private event such as a wedding or a solemn communion, contact us to build with our specialized teams the most beautiful events on the most original cruise routes<\/span><\/p>\n<\/div>\n<p>[\/vc_column_text][vc_column_text css=&#8221;.vc_custom_1622830706194{margin-top: 30px !important;}&#8221;]<a class=\"bouton_devis\" href=\"https:\/\/www.pariscanal.com\/devis-location-peniche\/\">ASK FOR A QUOTE<\/a>[\/vc_column_text][\/vc_column][\/vc_row][vc_row css_animation=&#8221;&#8221; row_type=&#8221;row&#8221; use_row_as_full_screen_section=&#8221;no&#8221; type=&#8221;full_width&#8221; angled_section=&#8221;no&#8221; text_align=&#8221;left&#8221; background_image_as_pattern=&#8221;without_pattern&#8221; css=&#8221;.vc_custom_1517298168533{background-color: #ffffff !important;}&#8221; z_index=&#8221;&#8221;][vc_column][vc_empty_space height=&#8221;100px&#8221;][\/vc_column][\/vc_row][vc_row css_animation=&#8221;&#8221; row_type=&#8221;row&#8221; use_row_as_full_screen_section=&#8221;no&#8221; type=&#8221;grid&#8221; angled_section=&#8221;no&#8221; text_align=&#8221;left&#8221; background_image_as_pattern=&#8221;without_pattern&#8221; css=&#8221;.vc_custom_1517297703338{background-color: #ffffff !important;}&#8221; z_index=&#8221;&#8221;][vc_column width=&#8221;2\/3&#8243;][vc_column_text]<\/p>\n<div>\n<h2><span lang=\"EN-US\">The luxury of a break in the heart of Paris<\/span><\/h2>\n<\/div>\n<div>\n<p><span lang=\"EN-US\">The lunch cruise on the Seine is an exceptional way to make a real break in the middle of a busy day Whether you are on a sightseeing tour in Paris or in a seminar with your office colleagues, you will be surprised by the change of pace that brings you a lunch on the water. As soon as you get on board, you are overwhelmed by the serenity that emerges from the river, and the inspiration that brings you the beauty of the monuments of Paris.\u00a0 It is a moment of calm, rare, true breathing !<\/span><\/p>\n<\/div>\n<p>[\/vc_column_text][\/vc_column][vc_column width=&#8221;1\/3&#8243;][vc_empty_space height=&#8221;5px&#8221;][vc_single_image image=&#8221;1916&#8243; img_size=&#8221;full&#8221; alignment=&#8221;center&#8221; qode_css_animation=&#8221;&#8221;][\/vc_column][\/vc_row][vc_row css_animation=&#8221;&#8221; row_type=&#8221;row&#8221; use_row_as_full_screen_section=&#8221;no&#8221; type=&#8221;full_width&#8221; angled_section=&#8221;no&#8221; text_align=&#8221;left&#8221; background_image_as_pattern=&#8221;without_pattern&#8221; css=&#8221;.vc_custom_1517298168533{background-color: #ffffff !important;}&#8221; z_index=&#8221;&#8221;][vc_column][vc_empty_space height=&#8221;100px&#8221;][\/vc_column][\/vc_row][vc_row css_animation=&#8221;&#8221; row_type=&#8221;row&#8221; use_row_as_full_screen_section=&#8221;no&#8221; type=&#8221;grid&#8221; angled_section=&#8221;no&#8221; text_align=&#8221;left&#8221; background_image_as_pattern=&#8221;without_pattern&#8221; css=&#8221;.vc_custom_1517297703338{background-color: #ffffff !important;}&#8221; z_index=&#8221;&#8221;][vc_column width=&#8221;1\/3&#8243;][vc_empty_space height=&#8221;5px&#8221;][vc_single_image image=&#8221;1918&#8243; img_size=&#8221;full&#8221; qode_css_animation=&#8221;&#8221;][\/vc_column][vc_column width=&#8221;2\/3&#8243;][vc_column_text]<\/p>\n<div>\n<h2><span lang=\"EN-US\">The recipe for an exceptional day<\/span><\/h2>\n<\/div>\n<div>\n<p><span lang=\"EN-US\">The cruise starts in the heart of Paris at the Port de Solf\u00e9rino, next to the Mus\u00e9e d&#8217;Orsay where the crew welcomes you with an aperitif cocktail. <\/span><\/p>\n<p><span lang=\"EN-US\">Our chef will offer you a seasonal menu consisting of a starter, a main course and a gourmet dessert accompanied by a glass of chardonnay or a Bordeaux wine. <\/span><\/p>\n<p><span lang=\"EN-US\">The tables are set up especially for everyone to have the best view on the cruise route.<\/span><\/p>\n<\/div>\n<p>[\/vc_column_text][\/vc_column][\/vc_row][vc_row css_animation=&#8221;&#8221; row_type=&#8221;row&#8221; use_row_as_full_screen_section=&#8221;no&#8221; type=&#8221;full_width&#8221; angled_section=&#8221;no&#8221; text_align=&#8221;left&#8221; background_image_as_pattern=&#8221;without_pattern&#8221; css=&#8221;.vc_custom_1517298168533{background-color: #ffffff !important;}&#8221; z_index=&#8221;&#8221;][vc_column][vc_empty_space height=&#8221;100px&#8221;][\/vc_column][\/vc_row][vc_row css_animation=&#8221;&#8221; row_type=&#8221;row&#8221; use_row_as_full_screen_section=&#8221;no&#8221; type=&#8221;grid&#8221; angled_section=&#8221;no&#8221; text_align=&#8221;left&#8221; background_image_as_pattern=&#8221;without_pattern&#8221; css=&#8221;.vc_custom_1517297703338{background-color: #ffffff !important;}&#8221; z_index=&#8221;&#8221;][vc_column width=&#8221;2\/3&#8243;][vc_column_text]<\/p>\n<div>\n<h2><span lang=\"EN-US\">Sail the most beautiful avenue in the world<\/span><\/h2>\n<\/div>\n<div>\n<p><span lang=\"EN-US\">Throughout this lunch on the water, you will be amazed by the most beautiful monuments in Paris: the Jardin des Tuileries, the Louvre Museum, Ile de la Cit\u00e9, Notre-Dame Cathedral, \u00cele Saint-Louis, the H\u00f4tel de Ville, the Conciergerie\u2026 <\/span><\/p>\n<p><span lang=\"EN-US\">And we will not fail to sail along the exceptional Eiffel Tower, whose discovery from a boat is always an overwhelming experience.<\/span><\/p>\n<\/div>\n<div>\n<p><span lang=\"EN-US\">Yes, it\u2019s true: Paris is the heart of the world, and you will have lunch in the heart of Paris!<\/span><\/p>\n<\/div>\n<p>[\/vc_column_text][\/vc_column][vc_column width=&#8221;1\/3&#8243;][vc_empty_space height=&#8221;5px&#8221;][vc_single_image image=&#8221;1919&#8243; img_size=&#8221;full&#8221; alignment=&#8221;center&#8221; qode_css_animation=&#8221;&#8221;][\/vc_column][\/vc_row][vc_row css_animation=&#8221;&#8221; row_type=&#8221;row&#8221; use_row_as_full_screen_section=&#8221;no&#8221; type=&#8221;full_width&#8221; angled_section=&#8221;no&#8221; text_align=&#8221;left&#8221; background_image_as_pattern=&#8221;without_pattern&#8221; css=&#8221;.vc_custom_1517298555073{background-color: #ffffff !important;}&#8221; z_index=&#8221;&#8221;][vc_column][vc_empty_space height=&#8221;100px&#8221;][\/vc_column][\/vc_row][vc_row css_animation=&#8221;&#8221; row_type=&#8221;row&#8221; use_row_as_full_screen_section=&#8221;yes&#8221; type=&#8221;full_width&#8221; angled_section=&#8221;no&#8221; text_align=&#8221;left&#8221; background_image_as_pattern=&#8221;without_pattern&#8221; z_index=&#8221;&#8221; css=&#8221;.vc_custom_1516123348257{background-color: #ffffff !important;}&#8221;][vc_column][vc_empty_space height=&#8221;60px&#8221;][vc_column_text]<\/p>\n<h1 id=\"reguliere\" style=\"text-align: center;\">Our regular cruises<\/h1>\n<p>[\/vc_column_text][vc_empty_space height=&#8221;30px&#8221;][vc_row_inner row_type=&#8221;row&#8221; type=&#8221;full_width&#8221; text_align=&#8221;left&#8221; css_animation=&#8221;&#8221;][vc_column_inner width=&#8221;1\/4&#8243;][vc_single_image image=&#8221;54&#8243; img_size=&#8221;full&#8221; alignment=&#8221;center&#8221; onclick=&#8221;custom_link&#8221; qode_css_animation=&#8221;&#8221; link=&#8221;https:\/\/www.pariscanal.com\/croisiere-canal-saint-martin\/seine-bastille-villette\/&#8221;][vc_empty_space height=&#8221;10px&#8221;][vc_column_text]<\/p>\n<h3 style=\"text-align: center;\">SIGHTSEEING CRUISES<\/h3>\n<p style=\"text-align: center;\">Every day<\/p>\n<p>[\/vc_column_text][vc_column_text]<\/p>\n<p style=\"text-align: center;\"><a class=\"bouton_bleu_2\" style=\"text-align: center;\" href=\"https:\/\/www.pariscanal.com\/croisiere-canal-saint-martin\/seine-bastille-villette\/\">en savoir plus sur<br \/>\nles croisi\u00e8res<\/a><\/p>\n<p>[\/vc_column_text][\/vc_column_inner][vc_column_inner width=&#8221;1\/4&#8243;][vc_single_image image=&#8221;56&#8243; img_size=&#8221;full&#8221; alignment=&#8221;center&#8221; onclick=&#8221;custom_link&#8221; qode_css_animation=&#8221;&#8221; link=&#8221;https:\/\/www.pariscanal.com\/croisiere-canal-saint-martin\/diner-guinguette-paris\/&#8221;][vc_empty_space height=&#8221;10px&#8221;][vc_column_text]<\/p>\n<h3 style=\"text-align: center;\">GUINGUETTE DINNER CRUISE<\/h3>\n<p style=\"text-align: center;\">Every Friday<\/p>\n<p>[\/vc_column_text][vc_column_text]<\/p>\n<p style=\"text-align: center;\"><a class=\"bouton_bleu_2\" style=\"text-align: center;\" href=\"https:\/\/www.pariscanal.com\/croisiere-canal-saint-martin\/diner-guinguette-paris\/\">en savoir plus<br \/>\nsur le diner<\/a><\/p>\n<p>[\/vc_column_text][\/vc_column_inner][vc_column_inner width=&#8221;1\/4&#8243;][vc_single_image image=&#8221;53&#8243; img_size=&#8221;full&#8221; alignment=&#8221;center&#8221; onclick=&#8221;custom_link&#8221; qode_css_animation=&#8221;&#8221; link=&#8221;https:\/\/www.pariscanal.com\/croisiere-canal-saint-martin\/soiree-afterwork-peniche\/&#8221;][vc_empty_space height=&#8221;10px&#8221;][vc_column_text]<\/p>\n<h3 style=\"text-align: center;\">PRIVATE CRUISE<\/h3>\n<p style=\"text-align: center;\">Whenever you want<\/p>\n<p>[\/vc_column_text][vc_column_text]<\/p>\n<p style=\"text-align: center;\"><a class=\"bouton_bleu_2\" style=\"text-align: center;\" href=\"https:\/\/www.pariscanal.com\/privatiser-peniche-paris\/\">en savoir plus<br \/>\nsur votre croisi\u00e8re<\/a><\/p>\n<p>[\/vc_column_text][\/vc_column_inner][vc_column_inner width=&#8221;1\/4&#8243;][vc_single_image image=&#8221;55&#8243; img_size=&#8221;full&#8221; alignment=&#8221;center&#8221; onclick=&#8221;custom_link&#8221; qode_css_animation=&#8221;&#8221; link=&#8221;https:\/\/www.pariscanal.com\/croisiere-seine-marne\/dejeuner-bateau-marne\/&#8221;][vc_empty_space height=&#8221;10px&#8221;][vc_column_text]<\/p>\n<h3 style=\"text-align: center;\">MARNE LUNCH CRUISE<\/h3>\n<p style=\"text-align: center;\">On Sunday<\/p>\n<p>[\/vc_column_text][vc_column_text]<\/p>\n<p style=\"text-align: center;\"><a class=\"bouton_bleu_2\" style=\"text-align: center;\" href=\"https:\/\/www.pariscanal.com\/croisiere-seine-marne\/dejeuner-bateau-marne\/\">en savoir plus<br \/>\nsur le d\u00e9jeuner<\/a><\/p>\n<p>[\/vc_column_text][\/vc_column_inner][\/vc_row_inner][vc_empty_space height=&#8221;100px&#8221;][\/vc_column][\/vc_row]<\/p>\n<\/div>","protected":false},"excerpt":{"rendered":"<p>[vc_row css_animation=&#8221;&#8221; row_type=&#8221;row&#8221; use_row_as_full_screen_section=&#8221;no&#8221; type=&#8221;full_width&#8221; angled_section=&#8221;no&#8221; text_align=&#8221;left&#8221; background_image_as_pattern=&#8221;without_pattern&#8221; css=&#8221;.vc_custom_1517236547685{background-color: #ffffff !important;}&#8221; z_index=&#8221;&#8221;][vc_column][vc_empty_space height=&#8221;60px&#8221;][\/vc_column][\/vc_row][vc_row css_animation=&#8221;&#8221; row_type=&#8221;row&#8221; use_row_as_full_screen_section=&#8221;no&#8221; type=&#8221;grid&#8221; angled_section=&#8221;no&#8221; text_align=&#8221;left&#8221; background_image_as_pattern=&#8221;without_pattern&#8221;&#8230;<\/p>\n","protected":false},"author":4,"featured_media":0,"parent":5177,"menu_order":0,"comment_status":"closed","ping_status":"closed","template":"","meta":{"footnotes":""},"class_list":["post-5384","page","type-page","status-publish","hentry"],"_links":{"self":[{"href":"https:\/\/www.pariscanal.com\/en\/wp-json\/wp\/v2\/pages\/5384","targetHints":{"allow":["GET"]}}],"collection":[{"href":"https:\/\/www.pariscanal.com\/en\/wp-json\/wp\/v2\/pages"}],"about":[{"href":"https:\/\/www.pariscanal.com\/en\/wp-json\/wp\/v2\/types\/page"}],"author":[{"embeddable":true,"href":"https:\/\/www.pariscanal.com\/en\/wp-json\/wp\/v2\/users\/4"}],"replies":[{"embeddable":true,"href":"https:\/\/www.pariscanal.com\/en\/wp-json\/wp\/v2\/comments?post=5384"}],"version-history":[{"count":4,"href":"https:\/\/www.pariscanal.com\/en\/wp-json\/wp\/v2\/pages\/5384\/revisions"}],"predecessor-version":[{"id":5397,"href":"https:\/\/www.pariscanal.com\/en\/wp-json\/wp\/v2\/pages\/5384\/revisions\/5397"}],"up":[{"embeddable":true,"href":"https:\/\/www.pariscanal.com\/en\/wp-json\/wp\/v2\/pages\/5177"}],"wp:attachment":[{"href":"https:\/\/www.pariscanal.com\/en\/wp-json\/wp\/v2\/media?parent=5384"}],"curies":[{"name":"wp","href":"https:\/\/api.w.org\/{rel}","templated":true}]}}