{"id":5071,"date":"2021-04-15T11:33:45","date_gmt":"2021-04-15T09:33:45","guid":{"rendered":"https:\/\/www.pariscanal.com\/?page_id=5071"},"modified":"2022-01-26T15:24:23","modified_gmt":"2022-01-26T14:24:23","slug":"dinner-cruise-paris-guinguette","status":"publish","type":"page","link":"https:\/\/www.pariscanal.com\/en\/cruises-canals-paris\/dinner-cruise-paris-guinguette\/","title":{"rendered":"Guinguette Dinner Cruise"},"content":{"rendered":"<div class=\"wpb-content-wrapper\"><p>[vc_row css_animation=&#8221;&#8221; row_type=&#8221;row&#8221; use_row_as_full_screen_section=&#8221;no&#8221; type=&#8221;full_width&#8221; angled_section=&#8221;no&#8221; text_align=&#8221;left&#8221; background_image_as_pattern=&#8221;without_pattern&#8221; css=&#8221;.vc_custom_1517236547685{background-color: #ffffff !important;}&#8221; z_index=&#8221;&#8221;][vc_column][vc_empty_space height=&#8221;60px&#8221;][\/vc_column][\/vc_row][vc_row css_animation=&#8221;&#8221; row_type=&#8221;row&#8221; use_row_as_full_screen_section=&#8221;no&#8221; type=&#8221;grid&#8221; angled_section=&#8221;no&#8221; text_align=&#8221;left&#8221; background_image_as_pattern=&#8221;without_pattern&#8221; css=&#8221;.vc_custom_1517236269871{background-color: #ffffff !important;}&#8221; z_index=&#8221;&#8221;][vc_column width=&#8221;1\/6&#8243;][vc_single_image image=&#8221;56&#8243; img_size=&#8221;full&#8221; alignment=&#8221;center&#8221; qode_css_animation=&#8221;&#8221;][\/vc_column][vc_column width=&#8221;5\/6&#8243;][vc_column_text]<\/p>\n<h1>&#8220;Guinguette&#8221; Dinner Cruise<\/h1>\n<h2>Musical &#8220;Guinguette &#8221; dinner cruise on canal St Martin and the river Seine<\/h2>\n<p><strong>A lively &#8220;Guinguette&#8221; 3 hours dinner cruise, starting from Bassin de la Villette<\/strong><\/p>\n<p>&nbsp;<\/p>\n<p>The &#8220;Guinguette&#8221; spirit is the spirit of real old Paris. <b>Guinguettes<\/b> were popular drinking establishments and open dance hall, located in the suburbs of Paris, small cabarets in the surrounds of Paris, where craftsmen drink on Sundays and on public holidays.<\/p>\n<p>&nbsp;<\/p>\n<p>Experience an unusual musical dinner cruise on the canal Saint-Martin, but also with a view on the river Seine&#8217;s most splendid monuments.<\/p>\n<p>&nbsp;<\/p>\n<p>Your dinner cruise will offer you a french traditional cooking experience with a seasonal products and 100% home made menu.<\/p>\n<p>&nbsp;<\/p>\n<p>You will cross the 9 different locks of the canal, cruise through the Arsenal Marina, enjoying delicate french traditional dishes, and will finally arrive to river Seine, at the feet of Notre-Dame and Orsay Museum, in an elegant musical atmosphere\u2026<\/p>\n<p>&nbsp;<\/p>\n<p><strong>Cruise Paris differently, le Paris de la Guinguette !<\/strong>[\/vc_column_text][vc_empty_space height=&#8221;60px&#8221;][vc_row_inner row_type=&#8221;row&#8221; type=&#8221;full_width&#8221; text_align=&#8221;left&#8221; css_animation=&#8221;&#8221;][vc_column_inner width=&#8221;1\/2&#8243;][vc_column_text]<strong>What you will see :<\/strong><\/p>\n<ul class=\"list_check\">\n<li>Discovery of <strong>canal Saint-Martin<\/strong><\/li>\n<li>Crossing <strong>locks, swing bridges &amp; underground vault<\/strong><\/li>\n<li>Passage in <b>Paris arsenal Marina <\/b>(a few steps of the Bastille square)<\/li>\n<li>Cruising on river Seine : <strong>Notre-Dame, l\u2019\u00eele Saint-Louis, les Tuileries<\/strong>\u2026<\/li>\n<\/ul>\n<p>&nbsp;<\/p>\n<p><strong>Menu according to the season:<\/strong><\/p>\n<ul class=\"list_check\">\n<li>Daily starter dish<\/li>\n<li>Seasonal dish<\/li>\n<li>Dessert of the day<\/li>\n<\/ul>\n<p><strong>Vegetarian menu : on request.<\/strong><\/p>\n<p><strong>Barman on board for drinks<\/strong>[\/vc_column_text][vc_column_text css=&#8221;.vc_custom_1615898642218{margin-top: 30px !important;}&#8221;]Detailed itinerary of <a href=\"#villetteorsay\">Guinguette Dinner Cruise<\/a>[\/vc_column_text][vc_empty_space height=&#8221;40px&#8221;][vc_column_text]<a class=\"bouton_offrir\" href=\"https:\/\/www.pariscanal.com\/offrir-cadeau-croisiere\/\"> OFFER A GIFT VOUCHER<\/a>[\/vc_column_text][vc_empty_space height=&#8221;15px&#8221;][vc_column_text]<a class=\"bouton_reserver\" href=\"#reservation\">BOOK ON LINE<\/a>[\/vc_column_text][\/vc_column_inner][vc_column_inner width=&#8221;1\/2&#8243;][vc_single_image image=&#8221;2273&#8243; img_size=&#8221;full&#8221; alignment=&#8221;right&#8221; qode_css_animation=&#8221;&#8221;][\/vc_column_inner][\/vc_row_inner][\/vc_column][\/vc_row][vc_row css_animation=&#8221;&#8221; row_type=&#8221;row&#8221; use_row_as_full_screen_section=&#8221;no&#8221; type=&#8221;full_width&#8221; angled_section=&#8221;no&#8221; text_align=&#8221;left&#8221; background_image_as_pattern=&#8221;without_pattern&#8221; css=&#8221;.vc_custom_1517240500033{background-color: #ffffff !important;}&#8221; z_index=&#8221;&#8221;][vc_column][vc_empty_space height=&#8221;50px&#8221;][\/vc_column][\/vc_row][vc_row css_animation=&#8221;&#8221; row_type=&#8221;row&#8221; use_row_as_full_screen_section=&#8221;no&#8221; type=&#8221;full_width&#8221; angled_section=&#8221;no&#8221; text_align=&#8221;left&#8221; background_image_as_pattern=&#8221;without_pattern&#8221; css=&#8221;.vc_custom_1517240610205{background-color: #ffffff !important;}&#8221; z_index=&#8221;&#8221; el_class=&#8221;no_padding&#8221;][vc_column width=&#8221;1\/3&#8243;][vc_single_image image=&#8221;5345&#8243; img_size=&#8221;full&#8221; alignment=&#8221;center&#8221; qode_css_animation=&#8221;&#8221;][\/vc_column][vc_column width=&#8221;1\/3&#8243;][vc_single_image image=&#8221;5416&#8243; img_size=&#8221;full&#8221; alignment=&#8221;center&#8221; qode_css_animation=&#8221;&#8221;][\/vc_column][vc_column width=&#8221;1\/3&#8243;][vc_single_image image=&#8221;5407&#8243; img_size=&#8221;full&#8221; alignment=&#8221;center&#8221; qode_css_animation=&#8221;&#8221;][\/vc_column][\/vc_row][vc_row css_animation=&#8221;&#8221; row_type=&#8221;row&#8221; use_row_as_full_screen_section=&#8221;no&#8221; type=&#8221;full_width&#8221; angled_section=&#8221;no&#8221; text_align=&#8221;left&#8221; background_image_as_pattern=&#8221;without_pattern&#8221; css=&#8221;.vc_custom_1517240500033{background-color: #ffffff !important;}&#8221; z_index=&#8221;&#8221;][vc_column][vc_empty_space height=&#8221;80px&#8221;][\/vc_column][\/vc_row][vc_row css_animation=&#8221;&#8221; row_type=&#8221;row&#8221; use_row_as_full_screen_section=&#8221;no&#8221; type=&#8221;grid&#8221; angled_section=&#8221;no&#8221; text_align=&#8221;left&#8221; background_image_as_pattern=&#8221;without_pattern&#8221; css=&#8221;.vc_custom_1517241109188{background-color: #ffffff !important;}&#8221; z_index=&#8221;&#8221;][vc_column width=&#8221;1\/2&#8243;][vc_column_text]<\/p>\n<h3 class=\"sigle_euro\">Rates<\/h3>\n<p>Adult : 77 euros<br \/>\nChild (4-14) : 67 euros<\/p>\n<p><em>Drinks not included<\/em><br \/>\nGroups, minimum 15 people : Special rates &#8211; Consult us[\/vc_column_text][vc_empty_space height=&#8221;50px&#8221;][vc_column_text]<\/p>\n<h3 class=\"sigle_information\">Practical Information<\/h3>\n<p>Duration of the cruise : 3 hours<br \/>\nDeparture : Bassin de la Villette \u2013 19 Quai de la Loire \u2013 Paris<br \/>\nArrival : Solf\u00e9rino Marina (Orsay Museum)[\/vc_column_text][vc_empty_space height=&#8221;30px&#8221;][vc_column_text]<iframe loading=\"lazy\" src=\"https:\/\/www.google.com\/maps\/embed?pb=!1m18!1m12!1m3!1d2623.635110502582!2d2.369976350734238!3d48.88423220674003!2m3!1f0!2f0!3f0!3m2!1i1024!2i768!4f13.1!3m3!1m2!1s0x47e66dd8489967a3%3A0x95bd6f80c9d62972!2s19+Quai+de+la+Loire%2C+75019+Paris!5e0!3m2!1sfr!2sfr!4v1520535197788\" width=\"100%\" height=\"300\" allowfullscreen=\"allowfullscreen\"><\/iframe>[\/vc_column_text][vc_empty_space height=&#8221;20px&#8221;][\/vc_column][vc_column width=&#8221;1\/2&#8243;][vc_column_text]<\/p>\n<h3>Guinguette dinner cruise is available<\/h3>\n<p><strong>From April to mid-o<\/strong><b>ctober <\/b><\/p>\n<p><strong>7.30pm<\/strong> : Departure from Bassin de la Villette<br \/>\n<strong>10.30pm<\/strong> : Arrival at Solf\u00e9rino Marina (Mus\u00e9e d&#8217;Orsay)[\/vc_column_text][vc_column_text css=&#8221;.vc_custom_1618495645026{margin-top: 30px !important;}&#8221; el_id=&#8221;jereserve&#8221;]<a class=\"bouton_offrir\" href=\"https:\/\/www.pariscanal.com\/offrir-cadeau-croisiere\/\">OFFER A GIFT VOUCHER<\/a> <a class=\"bouton_reserver\" href=\"#reservation\">BOOK ON LINE<\/a><\/p>\n<p>&nbsp;<\/p>\n<p><a class=\"bouton_reserver\" href=\"https:\/\/www.pariscanal.com\/en\/gift\">VALIDATE YOUR GIFT VOUCHER<\/a>[\/vc_column_text][vc_empty_space height=&#8221;30px&#8221;][vc_column_text]<\/p>\n<p id=\"reservation\"><strong>R\u00e9servez votre croisi\u00e8re<\/strong><\/p>\n<p>[\/vc_column_text][vc_raw_js]JTNDc2NyaXB0JTIwdHlwZSUzRCUyMnRleHQlMkZqYXZhc2NyaXB0JTIyJTIwc3JjJTNEJTIyaHR0cHMlM0ElMkYlMkZ3d3cuYmVlbmJpei5jb20lMkZwY2FuYWw3NSUyRnByZC5waHAlM0ZhY3QlM0RjYWxlbmRyaWVyLW1vaXMlMjZhY3Rpb24lM0RyZXNwb25zaXZlJTI2c2VsZWN0aW9uJTNEMTUyJTJDMTUxJTI2bGclM0RFTiUyNnVybHBhbmllciUzRGh0dHBzJTNBJTJGJTJGd3d3LnBhcmlzY2FuYWwuY29tJTJGcGFuaWVyLXJlc2VydmF0aW9uJTJGJTIyJTNFJTNDJTJGc2NyaXB0JTNF[\/vc_raw_js][\/vc_column][\/vc_row][vc_row css_animation=&#8221;&#8221; row_type=&#8221;row&#8221; use_row_as_full_screen_section=&#8221;yes&#8221; type=&#8221;grid&#8221; angled_section=&#8221;no&#8221; text_align=&#8221;center&#8221; background_image_as_pattern=&#8221;without_pattern&#8221; z_index=&#8221;&#8221; css=&#8221;.vc_custom_1517242409690{background-color: #ffffff !important;}&#8221;][vc_column][vc_empty_space height=&#8221;70px&#8221;][vc_column_text]<\/p>\n<h2 style=\"text-align: center;\">Our other cruises :<\/h2>\n<p>[\/vc_column_text][vc_empty_space height=&#8221;30px&#8221;][vc_row_inner row_type=&#8221;row&#8221; type=&#8221;full_width&#8221; text_align=&#8221;left&#8221; css_animation=&#8221;&#8221; el_class=&#8221;flex_center&#8221;][vc_column_inner width=&#8221;1\/6&#8243;][vc_single_image image=&#8221;54&#8243; img_size=&#8221;full&#8221; alignment=&#8221;center&#8221; onclick=&#8221;custom_link&#8221; qode_css_animation=&#8221;&#8221; link=&#8221;https:\/\/www.pariscanal.com\/croisiere-canal-saint-martin\/seine-bastille-villette\/&#8221;][vc_empty_space height=&#8221;10px&#8221;][vc_column_text]<\/p>\n<h3 class=\"produit\" style=\"text-align: center;\">CANAL ST MARTIN<\/h3>\n<p style=\"text-align: center;\">Everyday<\/p>\n<p>[\/vc_column_text][vc_column_text]<\/p>\n<p style=\"text-align: center;\"><a class=\"bouton_bleu_2\" style=\"text-align: center;\" href=\"https:\/\/www.pariscanal.com\/croisiere-canal-saint-martin\/cruise-canal\/\">More on St Martin&#8217;s Cruise<\/a><\/p>\n<p>[\/vc_column_text][\/vc_column_inner][vc_column_inner width=&#8221;1\/6&#8243;][vc_single_image image=&#8221;53&#8243; img_size=&#8221;full&#8221; alignment=&#8221;center&#8221; onclick=&#8221;custom_link&#8221; qode_css_animation=&#8221;&#8221; link=&#8221;https:\/\/www.pariscanal.com\/croisiere-canal-saint-martin\/soiree-afterwork-peniche\/&#8221;][vc_empty_space height=&#8221;10px&#8221;][vc_column_text]<\/p>\n<h3 class=\"produit\" style=\"text-align: center;\">PRIVATE CRUISE<\/h3>\n<p style=\"text-align: center;\">Whenever you wish<\/p>\n<p>[\/vc_column_text][vc_column_text]<\/p>\n<p style=\"text-align: center;\"><a class=\"bouton_bleu_2\" style=\"text-align: center;\" href=\"https:\/\/www.pariscanal.com\/privatiser-peniche-paris\/\">More about privatisation<\/a><\/p>\n<p>[\/vc_column_text][\/vc_column_inner][vc_column_inner width=&#8221;1\/6&#8243;][vc_single_image image=&#8221;55&#8243; img_size=&#8221;full&#8221; alignment=&#8221;center&#8221; onclick=&#8221;custom_link&#8221; qode_css_animation=&#8221;&#8221; link=&#8221;https:\/\/www.pariscanal.com\/croisiere-seine-marne\/dejeuner-bateau-marne\/&#8221;][vc_empty_space height=&#8221;10px&#8221;][vc_column_text]<\/p>\n<h3 class=\"produit\" style=\"text-align: center;\">MARNE LUNCH CRUISE<\/h3>\n<p style=\"text-align: center;\">On Sundays<\/p>\n<p>[\/vc_column_text][vc_column_text]<\/p>\n<p style=\"text-align: center;\"><a class=\"bouton_bleu_2\" style=\"text-align: center;\" href=\"https:\/\/www.pariscanal.com\/croisiere-seine-marne\/dejeuner-bateau-marne\/\">More about lunch cruise<\/a><\/p>\n<p>[\/vc_column_text][\/vc_column_inner][vc_column_inner width=&#8221;1\/6&#8243;][vc_single_image image=&#8221;32&#8243; img_size=&#8221;full&#8221; alignment=&#8221;center&#8221; onclick=&#8221;custom_link&#8221; qode_css_animation=&#8221;&#8221; link=&#8221;https:\/\/www.pariscanal.com\/croisiere-paris-groupe\/&#8221;][vc_empty_space height=&#8221;10px&#8221;][vc_column_text]<\/p>\n<h3 class=\"produit\" style=\"text-align: center;\">GROUPS<\/h3>\n<p style=\"text-align: center;\">All our cruises<\/p>\n<p>[\/vc_column_text][vc_column_text]<\/p>\n<p style=\"text-align: center;\"><a class=\"bouton_bleu_2\" style=\"text-align: center;\" href=\"https:\/\/www.pariscanal.com\/croisiere-paris-groupe\/\">More on group cruises<\/a><\/p>\n<p>[\/vc_column_text][\/vc_column_inner][vc_column_inner width=&#8221;1\/6&#8243;][vc_single_image image=&#8221;36&#8243; img_size=&#8221;full&#8221; alignment=&#8221;center&#8221; onclick=&#8221;custom_link&#8221; qode_css_animation=&#8221;&#8221; link=&#8221;https:\/\/www.pariscanal.com\/privatiser-peniche-paris\/&#8221;][vc_empty_space height=&#8221;10px&#8221;][vc_column_text]<\/p>\n<h3 class=\"produit\" style=\"text-align: center;\">Privatize your boat<\/h3>\n<p style=\"text-align: center;\">Choose the date<\/p>\n<p>[\/vc_column_text][vc_column_text]<\/p>\n<p style=\"text-align: center;\"><a class=\"bouton_bleu_2\" style=\"text-align: center;\" href=\"https:\/\/www.pariscanal.com\/privatiser-peniche-paris\/\">More about privatisation<\/a><\/p>\n<p>[\/vc_column_text][\/vc_column_inner][\/vc_row_inner][vc_empty_space height=&#8221;120px&#8221;][\/vc_column][\/vc_row][vc_row css_animation=&#8221;&#8221; row_type=&#8221;row&#8221; use_row_as_full_screen_section=&#8221;no&#8221; type=&#8221;grid&#8221; angled_section=&#8221;no&#8221; text_align=&#8221;left&#8221; background_image_as_pattern=&#8221;without_pattern&#8221; css=&#8221;.vc_custom_1517297703338{background-color: #ffffff !important;}&#8221; z_index=&#8221;&#8221;][vc_column width=&#8221;2\/3&#8243;][vc_column_text]<\/p>\n<h2 id=\"villetteorsay\">From Saint-Martin canal\u2026 to Paris on the Seine !<\/h2>\n<p>Boarding take place in the centre of the Parc de la Villette.<br \/>\nThe cruise starts by passing under the Crim\u00e9e lift bridge and then along the Bassin de la Villette. You will live unbelievable moments crossing swing bridges and locks (\u00e9cluse de Jaur\u00e8s, \u00e9cluse des R\u00e9collets\u2026), driven with caution by our boat&#8217;s captain, all the way through the Arsenal Marina lock, cruising under the Bastille square.<\/p>\n<p>At some point, the boat rushes through a mysterious underground vault, with natural lighting before entering the river Seine. Then, the most gorgeous monuments of Paris parade under your eyes : les mansions of l\u2019\u00eele Saint-Louis, Notre-Dame cathedral, Louvre Museum, Tuileries garden\u2026 It is a ferric trip, magic and enchanted &#8230; You then arrive at the feet of Orsay museum, a few steps away from Saint-Germain-des-Pr\u00e9s.<\/p>\n<p>&nbsp;<\/p>\n<p>You can go on and pursue your journey in one of the mythical places : Le Caf\u00e9 de Flore, le Caf\u00e9 des Deux Magots or la Brasserie Lipp, places, where you can almost feel the presence of renown artists and intellectuals such as Rimbaud, Sartre, Verlaine, Simone de Beauvoir<\/p>\n<p><a class=\"bouton_reserver\" href=\"https:\/\/www.pariscanal.com\/wp-content\/uploads\/2018\/03\/detail-itineraire-canal-st-martin.pdf\" target=\"_blank\" rel=\"noopener noreferrer\">Download itinerary d\u00e9tails <\/a><a class=\"bouton_reserver\" href=\"#reservation\">Book on line<\/a>[\/vc_column_text][\/vc_column][vc_column width=&#8221;1\/3&#8243;][vc_empty_space height=&#8221;5px&#8221;][vc_single_image image=&#8221;1995&#8243; img_size=&#8221;full&#8221; alignment=&#8221;center&#8221; qode_css_animation=&#8221;&#8221;][\/vc_column][\/vc_row][vc_row css_animation=&#8221;&#8221; row_type=&#8221;row&#8221; use_row_as_full_screen_section=&#8221;no&#8221; type=&#8221;full_width&#8221; angled_section=&#8221;no&#8221; text_align=&#8221;left&#8221; background_image_as_pattern=&#8221;without_pattern&#8221; css=&#8221;.vc_custom_1517298168533{background-color: #ffffff !important;}&#8221; z_index=&#8221;&#8221;][vc_column][vc_empty_space height=&#8221;100px&#8221;][\/vc_column][\/vc_row][vc_row css_animation=&#8221;&#8221; row_type=&#8221;row&#8221; use_row_as_full_screen_section=&#8221;no&#8221; type=&#8221;grid&#8221; angled_section=&#8221;no&#8221; text_align=&#8221;left&#8221; background_image_as_pattern=&#8221;without_pattern&#8221; css=&#8221;.vc_custom_1517297703338{background-color: #ffffff !important;}&#8221; z_index=&#8221;&#8221;][vc_column width=&#8221;1\/3&#8243;][vc_empty_space height=&#8221;5px&#8221;][vc_single_image image=&#8221;1996&#8243; img_size=&#8221;full&#8221; alignment=&#8221;center&#8221; qode_css_animation=&#8221;&#8221;][\/vc_column][vc_column width=&#8221;2\/3&#8243;][vc_column_text]<\/p>\n<h2>What a romantic cruise !<\/h2>\n<p>Having dinner on the water, on the river Seine and the Canal St Martin, is always a moment of high romantic intensity. It is the ideal scenery for a romantic week-end. But you can as well book your evening for a dinner party among friends. We will adapt the tables setting so that you feel at ease, as close as possible from the water.<\/p>\n<p>&nbsp;<\/p>\n<p><a class=\"bouton_reserver\" href=\"#reservation\">Book<\/a>[\/vc_column_text][\/vc_column][\/vc_row][vc_row css_animation=&#8221;&#8221; row_type=&#8221;row&#8221; use_row_as_full_screen_section=&#8221;no&#8221; type=&#8221;grid&#8221; angled_section=&#8221;no&#8221; text_align=&#8221;left&#8221; background_image_as_pattern=&#8221;without_pattern&#8221; css=&#8221;.vc_custom_1517298442049{background-color: #ffffff !important;}&#8221; z_index=&#8221;&#8221;][vc_column][vc_empty_space height=&#8221;100px&#8221;][vc_column_text]<\/p>\n<h2>Guinguette&#8217;s rythm<\/h2>\n<p>You are about to live a true &#8220;Guinguette&#8221; evening, in a cool and elegant atmosphere, like few exist in Paris.<\/p>\n<p>The &#8220;Guinguette&#8221; dinner allows us to mix feelings of the &#8220;old Paris&#8221; with the dynamics and modernity of the most active areas of Paris, in a relaxed, good-natured spirit. Live Paris differently, along with a sparkling music setlist, mixing Parisian old tunes with up to date musical hits.<\/p>\n<p>For more than 40 years, Paris Canal organises the most astonishing cruises on the &#8220;Parisian canals&#8221; (Saint-Martin canal, Ourcq canal and Saint-Denis canal), on River Seine and on the Marne River. Discover the daily <a href=\"https:\/\/www.pariscanal.com\/croisiere-canal-saint-martin\/cruise-canal\/\">Canal Saint-Martin Cruise <\/a>, a sightseeing promenade like no other ![\/vc_column_text][vc_empty_space height=&#8221;100px&#8221;][\/vc_column][\/vc_row]<\/p>\n<\/div>","protected":false},"excerpt":{"rendered":"<p>[vc_row css_animation=&#8221;&#8221; row_type=&#8221;row&#8221; use_row_as_full_screen_section=&#8221;no&#8221; type=&#8221;full_width&#8221; angled_section=&#8221;no&#8221; text_align=&#8221;left&#8221; background_image_as_pattern=&#8221;without_pattern&#8221; css=&#8221;.vc_custom_1517236547685{background-color: #ffffff !important;}&#8221; z_index=&#8221;&#8221;][vc_column][vc_empty_space height=&#8221;60px&#8221;][\/vc_column][\/vc_row][vc_row css_animation=&#8221;&#8221; row_type=&#8221;row&#8221; use_row_as_full_screen_section=&#8221;no&#8221; type=&#8221;grid&#8221; angled_section=&#8221;no&#8221; text_align=&#8221;left&#8221; background_image_as_pattern=&#8221;without_pattern&#8221;&#8230;<\/p>\n","protected":false},"author":1,"featured_media":0,"parent":5061,"menu_order":0,"comment_status":"closed","ping_status":"closed","template":"","meta":{"footnotes":""},"class_list":["post-5071","page","type-page","status-publish","hentry"],"_links":{"self":[{"href":"https:\/\/www.pariscanal.com\/en\/wp-json\/wp\/v2\/pages\/5071","targetHints":{"allow":["GET"]}}],"collection":[{"href":"https:\/\/www.pariscanal.com\/en\/wp-json\/wp\/v2\/pages"}],"about":[{"href":"https:\/\/www.pariscanal.com\/en\/wp-json\/wp\/v2\/types\/page"}],"author":[{"embeddable":true,"href":"https:\/\/www.pariscanal.com\/en\/wp-json\/wp\/v2\/users\/1"}],"replies":[{"embeddable":true,"href":"https:\/\/www.pariscanal.com\/en\/wp-json\/wp\/v2\/comments?post=5071"}],"version-history":[{"count":11,"href":"https:\/\/www.pariscanal.com\/en\/wp-json\/wp\/v2\/pages\/5071\/revisions"}],"predecessor-version":[{"id":8225,"href":"https:\/\/www.pariscanal.com\/en\/wp-json\/wp\/v2\/pages\/5071\/revisions\/8225"}],"up":[{"embeddable":true,"href":"https:\/\/www.pariscanal.com\/en\/wp-json\/wp\/v2\/pages\/5061"}],"wp:attachment":[{"href":"https:\/\/www.pariscanal.com\/en\/wp-json\/wp\/v2\/media?parent=5071"}],"curies":[{"name":"wp","href":"https:\/\/api.w.org\/{rel}","templated":true}]}}